{"id":128,"date":"2022-09-09T14:44:41","date_gmt":"2022-09-09T14:44:41","guid":{"rendered":"https:\/\/ainmobiliarios.com.co\/?page_id=128"},"modified":"2022-09-12T15:28:48","modified_gmt":"2022-09-12T15:28:48","slug":"arrendar-un-inmueble","status":"publish","type":"page","link":"https:\/\/ainmobiliarios.com.co\/index.php\/arrendar-un-inmueble\/","title":{"rendered":"Arrendar un Inmueble"},"content":{"rendered":"<style>\/*! elementor - v3.7.4 - 31-08-2022 *\/\n.elementor-heading-title{padding:0;margin:0;line-height:1}.elementor-widget-heading .elementor-heading-title[class*=elementor-size-]>a{color:inherit;font-size:inherit;line-height:inherit}.elementor-widget-heading .elementor-heading-title.elementor-size-small{font-size:15px}.elementor-widget-heading .elementor-heading-title.elementor-size-medium{font-size:19px}.elementor-widget-heading .elementor-heading-title.elementor-size-large{font-size:29px}.elementor-widget-heading .elementor-heading-title.elementor-size-xl{font-size:39px}.elementor-widget-heading .elementor-heading-title.elementor-size-xxl{font-size:59px}<\/style>\n<h2>SOLICITANTE (TOMADOR)<\/h2>\n<p>\t\t<em><strong>Si es empleado<\/strong><\/em><\/p>\n<ul>\n<li>Fotocopia de la c\u00e9dula de ciudadan\u00eda ampliada<\/li>\n<li>Certificado de Ingresos expedido por el empleador<\/li>\n<li>3 \u00daltimos desprendibles de pago<\/li>\n<\/ul>\n<p><em><strong>Si es independiente<\/strong><\/em><\/p>\n<ul>\n<li>Fotocopia de la c\u00e9dula de ciudadan\u00eda ampliada<\/li>\n<li>Fotocopia de los extractos de cuenta de ahorros o cuenta corriente de los \u00faltimos tres meses<\/li>\n<li>C\u00e1mara de comercio o RUT<\/li>\n<li>Declaraci\u00f3n de Renta (opcional)<\/li>\n<\/ul>\n<h2>CODEUDORES<\/h2>\n<p><em><b>Si el canon de arrendamiento es hasta un mill\u00f3n quinientos mil pesos<\/b><\/em> <em><strong>(1\u00b4500.000)<\/strong><\/em><\/p>\n<ul>\n<li>\n<p>Se requiere un solo CODEUDOR con ingresos del doble del canon. Adjuntar los mismos requisitos del TOMADOR.<\/p>\n<\/li>\n<\/ul>\n<p><em><b>Si el canon de arrendamiento supera el mill\u00f3n quinientos mil pesos ($1\u00b4500.000)<\/b><\/em><\/p>\n<ul>\n<li>\n<p>Son necesarios DOS (2) codeudores, uno con finca ra\u00edz y otro con ingresos suficientes<\/p>\n<\/li>\n<\/ul>\n<hr \/>\n<p><em><strong>(1) Un Codeudor Finca Raiz<\/strong><\/em><\/p>\n<ul>\n<li>Los mismos requisitos del tomador.<\/li>\n<li>Certificado de Libertad y Tradici\u00f3n.<\/li>\n<\/ul>\n<p><strong><em>(1) Un Codeudor con Ingresos<\/em><\/strong><\/p>\n<ul>\n<li>\n<p>Los mismos requisitos del tomador.<\/p>\n<\/li>\n<\/ul>\n<p>EN CASO DE NO CUMPLIR CON LOS REQUISITOS. NO DUDES EN CONTACTARNOS. BUSCAREMOS UNA POSIBLE\u00a0 SOLUCI\u00d3N<\/p>\n<h2>DESCARGA LOS FORMULARIOS <\/h2>\n<style>\/*! elementor - v3.7.4 - 31-08-2022 *\/\n.elementor-widget-image{text-align:center}.elementor-widget-image a{display:inline-block}.elementor-widget-image a img[src$=\".svg\"]{width:48px}.elementor-widget-image img{vertical-align:middle;display:inline-block}<\/style>\n<p>\t\t\t\t\t\t\t\t\t\t\t\t<img decoding=\"async\" width=\"260\" height=\"50\" src=\"https:\/\/ainmobiliarios.com.co\/wp-content\/uploads\/2022\/09\/fianzacredito.png\" alt=\"\" loading=\"lazy\" \/>\t\t\t\t\t\t\t\t\t\t\t\t\t\t\t<\/p>\n<ul>\n<li><a href=\"https:\/\/ainmobiliarios.com.co\/wp-content\/uploads\/2022\/09\/FORMULARIO-FIANZACREDITO.pdf\" target=\"_blank\" rel=\"noopener\">Solicitud<\/a>\u00a0de fianza de Arrendamiento<\/li>\n<\/ul>\n<p>\t\t\t\t\t\t\t\t\t\t\t\t\t\t\t<img decoding=\"async\" width=\"260\" height=\"50\" src=\"https:\/\/ainmobiliarios.com.co\/wp-content\/uploads\/2022\/09\/ellibertador.png\" alt=\"\" loading=\"lazy\" \/>\t\t\t\t\t\t\t\t\t\t\t\t\t\t\t<\/p>\n<ul>\n<li><a href=\"https:\/\/ainmobiliarios.com.co\/wp-content\/uploads\/2022\/09\/FORMULARIO-PERSONA-JURIDICA-ASEGURADORA-EL-LIBERTADOR.pdf\" target=\"_blank\" rel=\"noopener\">Formulario<\/a>\u00a0persona Jur\u00eddicas<\/li>\n<li><a href=\"https:\/\/ainmobiliarios.com.co\/wp-content\/uploads\/2022\/09\/FORMULARIO-PERSONA-NATURAL-ASEGURADORA-EL-LIBERTADOR.pdf\" target=\"_blank\" rel=\"noopener\">Formulario<\/a>\u00a0persona Natural<\/li>\n<\/ul>\n","protected":false},"excerpt":{"rendered":"<p>SOLICITANTE (TOMADOR) Si es empleado Fotocopia de la c\u00e9dula de ciudadan\u00eda ampliada Certificado de Ingresos expedido por el empleador 3 \u00daltimos desprendibles de pago Si es independiente Fotocopia de la c\u00e9dula de ciudadan\u00eda ampliada Fotocopia de los extractos de cuenta de ahorros o cuenta corriente de los \u00faltimos tres meses C\u00e1mara de comercio o RUT [&hellip;]<\/p>\n","protected":false},"author":1,"featured_media":0,"parent":0,"menu_order":0,"comment_status":"closed","ping_status":"closed","template":"templates\/template-page-full-width.php","meta":{"footnotes":""},"class_list":["post-128","page","type-page","status-publish","hentry"],"_links":{"self":[{"href":"https:\/\/ainmobiliarios.com.co\/index.php\/wp-json\/wp\/v2\/pages\/128","targetHints":{"allow":["GET"]}}],"collection":[{"href":"https:\/\/ainmobiliarios.com.co\/index.php\/wp-json\/wp\/v2\/pages"}],"about":[{"href":"https:\/\/ainmobiliarios.com.co\/index.php\/wp-json\/wp\/v2\/types\/page"}],"author":[{"embeddable":true,"href":"https:\/\/ainmobiliarios.com.co\/index.php\/wp-json\/wp\/v2\/users\/1"}],"replies":[{"embeddable":true,"href":"https:\/\/ainmobiliarios.com.co\/index.php\/wp-json\/wp\/v2\/comments?post=128"}],"version-history":[{"count":46,"href":"https:\/\/ainmobiliarios.com.co\/index.php\/wp-json\/wp\/v2\/pages\/128\/revisions"}],"predecessor-version":[{"id":250,"href":"https:\/\/ainmobiliarios.com.co\/index.php\/wp-json\/wp\/v2\/pages\/128\/revisions\/250"}],"wp:attachment":[{"href":"https:\/\/ainmobiliarios.com.co\/index.php\/wp-json\/wp\/v2\/media?parent=128"}],"curies":[{"name":"wp","href":"https:\/\/api.w.org\/{rel}","templated":true}]}}