{"id":149,"date":"2022-09-09T17:29:45","date_gmt":"2022-09-09T17:29:45","guid":{"rendered":"https:\/\/ainmobiliarios.com.co\/?page_id=149"},"modified":"2022-09-09T17:32:54","modified_gmt":"2022-09-09T17:32:54","slug":"consignar-inmuebles","status":"publish","type":"page","link":"https:\/\/ainmobiliarios.com.co\/index.php\/consignar-inmuebles\/","title":{"rendered":"Consignar Inmuebles"},"content":{"rendered":"<style>\/*! elementor - v3.7.4 - 31-08-2022 *\/\n.elementor-heading-title{padding:0;margin:0;line-height:1}.elementor-widget-heading .elementor-heading-title[class*=elementor-size-]>a{color:inherit;font-size:inherit;line-height:inherit}.elementor-widget-heading .elementor-heading-title.elementor-size-small{font-size:15px}.elementor-widget-heading .elementor-heading-title.elementor-size-medium{font-size:19px}.elementor-widget-heading .elementor-heading-title.elementor-size-large{font-size:29px}.elementor-widget-heading .elementor-heading-title.elementor-size-xl{font-size:39px}.elementor-widget-heading .elementor-heading-title.elementor-size-xxl{font-size:59px}<\/style>\n<h2>CONSIGNAR UN INMUEBLE EN ARRIENDO<\/h2>\n<ul>\n<li>Fotocopia de las cinco primeras hojas de la escritura p\u00fablica<\/li>\n<li>Fotocopia del \u00faltimo recibo del impuesto predial<\/li>\n<li>Fotocopia de los \u00faltimos recibos de servicios p\u00fablicos y administraci\u00f3n<\/li>\n<li>Fotocopia de la c\u00e9dula de ciudadan\u00eda<\/li>\n<li>Llaves del inmueble<\/li>\n<\/ul>\n<h2>CONSIGNAR UN INMUEBLE EN VENTA<\/h2>\n<ul>\n<li>Certificado de Libertad y Tradici\u00f3n del Inmueble<\/li>\n<li>Fotocopia de la C\u00e9dula de Ciudadan\u00eda de los Propietarios del Inmueble<\/li>\n<\/ul>\n","protected":false},"excerpt":{"rendered":"<p>CONSIGNAR UN INMUEBLE EN ARRIENDO Fotocopia de las cinco primeras hojas de la escritura p\u00fablica Fotocopia del \u00faltimo recibo del impuesto predial Fotocopia de los \u00faltimos recibos de servicios p\u00fablicos y administraci\u00f3n Fotocopia de la c\u00e9dula de ciudadan\u00eda Llaves del inmueble CONSIGNAR UN INMUEBLE EN VENTA Certificado de Libertad y Tradici\u00f3n del Inmueble Fotocopia de [&hellip;]<\/p>\n","protected":false},"author":1,"featured_media":0,"parent":0,"menu_order":0,"comment_status":"closed","ping_status":"closed","template":"templates\/template-page-full-width.php","meta":{"footnotes":""},"class_list":["post-149","page","type-page","status-publish","hentry"],"_links":{"self":[{"href":"https:\/\/ainmobiliarios.com.co\/index.php\/wp-json\/wp\/v2\/pages\/149","targetHints":{"allow":["GET"]}}],"collection":[{"href":"https:\/\/ainmobiliarios.com.co\/index.php\/wp-json\/wp\/v2\/pages"}],"about":[{"href":"https:\/\/ainmobiliarios.com.co\/index.php\/wp-json\/wp\/v2\/types\/page"}],"author":[{"embeddable":true,"href":"https:\/\/ainmobiliarios.com.co\/index.php\/wp-json\/wp\/v2\/users\/1"}],"replies":[{"embeddable":true,"href":"https:\/\/ainmobiliarios.com.co\/index.php\/wp-json\/wp\/v2\/comments?post=149"}],"version-history":[{"count":4,"href":"https:\/\/ainmobiliarios.com.co\/index.php\/wp-json\/wp\/v2\/pages\/149\/revisions"}],"predecessor-version":[{"id":153,"href":"https:\/\/ainmobiliarios.com.co\/index.php\/wp-json\/wp\/v2\/pages\/149\/revisions\/153"}],"wp:attachment":[{"href":"https:\/\/ainmobiliarios.com.co\/index.php\/wp-json\/wp\/v2\/media?parent=149"}],"curies":[{"name":"wp","href":"https:\/\/api.w.org\/{rel}","templated":true}]}}