{"id":154,"date":"2022-09-09T22:54:38","date_gmt":"2022-09-09T22:54:38","guid":{"rendered":"https:\/\/ainmobiliarios.com.co\/?page_id=154"},"modified":"2022-09-09T23:26:34","modified_gmt":"2022-09-09T23:26:34","slug":"contacto","status":"publish","type":"page","link":"https:\/\/ainmobiliarios.com.co\/index.php\/contacto\/","title":{"rendered":"Contacto"},"content":{"rendered":"<style>\/*! elementor - v3.7.4 - 31-08-2022 *\/\n.elementor-heading-title{padding:0;margin:0;line-height:1}.elementor-widget-heading .elementor-heading-title[class*=elementor-size-]>a{color:inherit;font-size:inherit;line-height:inherit}.elementor-widget-heading .elementor-heading-title.elementor-size-small{font-size:15px}.elementor-widget-heading .elementor-heading-title.elementor-size-medium{font-size:19px}.elementor-widget-heading .elementor-heading-title.elementor-size-large{font-size:29px}.elementor-widget-heading .elementor-heading-title.elementor-size-xl{font-size:39px}.elementor-widget-heading .elementor-heading-title.elementor-size-xxl{font-size:59px}<\/style>\n<h2>Ubicaci\u00f3n <\/h2>\n<style>\/*! elementor - v3.7.4 - 31-08-2022 *\/\n.elementor-widget-google_maps .elementor-widget-container{overflow:hidden}.elementor-widget-google_maps iframe{height:300px}<\/style>\n<p>\t\t\t<iframe frameborder=\"0\" scrolling=\"no\" marginheight=\"0\" marginwidth=\"0\"\n\t\t\t\t\tsrc=\"https:\/\/maps.google.com\/maps?q=%20Cra.%2035a%20%2352-108%2C%20Bucaramanga%2C%20Santander&#038;t=m&#038;z=17&#038;output=embed&#038;iwloc=near\"\n\t\t\t\t\ttitle=\" Cra. 35a #52-108, Bucaramanga, Santander\"\n\t\t\t\t\taria-label=\" Cra. 35a #52-108, Bucaramanga, Santander\"\n\t\t\t><\/iframe><\/p>\n<h2>Direcci\u00f3n y Email<\/h2>\n<p>Cra. 35a # 52-108, Bucaramanga, Santander<\/p>\n<p><strong>Email:<em> agentesinmobiliarios2@gmail.com<\/em><\/strong><\/p>\n<h2>Tel\u00e9fonos<\/h2>\n<p><strong>Whastsapp:<em> +(57) 318 4226480<br \/><\/em>Tel<em>:\u00a0 +(57) 316 6195804<br \/><\/em>Fijo<em>: (607) 6436383<\/em><\/strong><\/p>\n<p>[wpforms id=\u00bb156&#8243; title=\u00bbfalse\u00bb description=\u00bbfalse\u00bb]\t\t<\/p>\n<style>\/*! elementor - v3.7.4 - 31-08-2022 *\/\n.elementor-column .elementor-spacer-inner{height:var(--spacer-size)}.e-container{--container-widget-width:100%}.e-container>.elementor-widget-spacer{width:var(--container-widget-width,var(--spacer-size));-ms-flex-item-align:stretch;align-self:stretch;-ms-flex-negative:0;flex-shrink:0}.e-container>.elementor-widget-spacer>.elementor-widget-container,.e-container>.elementor-widget-spacer>.elementor-widget-container>.elementor-spacer{height:100%}.e-container>.elementor-widget-spacer>.elementor-widget-container>.elementor-spacer>.elementor-spacer-inner{height:var(--container-widget-height,var(--spacer-size))}<\/style>\n","protected":false},"excerpt":{"rendered":"<p>Ubicaci\u00f3n Direcci\u00f3n y Email Cra. 35a # 52-108, Bucaramanga, Santander Email: agentesinmobiliarios2@gmail.com Tel\u00e9fonos Whastsapp: +(57) 318 4226480Tel:\u00a0 +(57) 316 6195804Fijo: (607) 6436383 [wpforms id=\u00bb156&#8243; title=\u00bbfalse\u00bb description=\u00bbfalse\u00bb]<\/p>\n","protected":false},"author":1,"featured_media":0,"parent":0,"menu_order":0,"comment_status":"closed","ping_status":"closed","template":"templates\/template-page-full-width.php","meta":{"footnotes":""},"class_list":["post-154","page","type-page","status-publish","hentry"],"_links":{"self":[{"href":"https:\/\/ainmobiliarios.com.co\/index.php\/wp-json\/wp\/v2\/pages\/154","targetHints":{"allow":["GET"]}}],"collection":[{"href":"https:\/\/ainmobiliarios.com.co\/index.php\/wp-json\/wp\/v2\/pages"}],"about":[{"href":"https:\/\/ainmobiliarios.com.co\/index.php\/wp-json\/wp\/v2\/types\/page"}],"author":[{"embeddable":true,"href":"https:\/\/ainmobiliarios.com.co\/index.php\/wp-json\/wp\/v2\/users\/1"}],"replies":[{"embeddable":true,"href":"https:\/\/ainmobiliarios.com.co\/index.php\/wp-json\/wp\/v2\/comments?post=154"}],"version-history":[{"count":4,"href":"https:\/\/ainmobiliarios.com.co\/index.php\/wp-json\/wp\/v2\/pages\/154\/revisions"}],"predecessor-version":[{"id":161,"href":"https:\/\/ainmobiliarios.com.co\/index.php\/wp-json\/wp\/v2\/pages\/154\/revisions\/161"}],"wp:attachment":[{"href":"https:\/\/ainmobiliarios.com.co\/index.php\/wp-json\/wp\/v2\/media?parent=154"}],"curies":[{"name":"wp","href":"https:\/\/api.w.org\/{rel}","templated":true}]}}